{"id":309,"date":"2024-04-05T21:30:25","date_gmt":"2024-04-05T19:30:25","guid":{"rendered":"http:\/\/localhost\/?page_id=309"},"modified":"2025-08-18T18:14:54","modified_gmt":"2025-08-18T22:14:54","slug":"declaracion-de-la-mision-vision-valores-y-principios-de-la-entidad","status":"publish","type":"page","link":"https:\/\/www.fonabosque.gob.bo\/index.php\/declaracion-de-la-mision-vision-valores-y-principios-de-la-entidad\/","title":{"rendered":"Misi\u00f3n, Visi\u00f3n, Valores y Principios de la Entidad"},"content":{"rendered":"\n<p><a href=\"http:\/\/192.168.179.253:8080\/wp-admin\/edit.php?post_type=page\"><\/a><\/p>\n\n\n\n<h2 class=\"wp-block-heading has-large-font-size\"><strong>FONABOSQUE Misi\u00f3n<\/strong><\/h2>\n\n\n\n<p class=\"has-text-align-left text-align: justify;\">Promover, administrar y otorgar recursos financieros para el manejo sustentable de bosques, con enfoque de gesti\u00f3n integral de cuencas, conservaci\u00f3n&nbsp;de los bosques y suelos forestales, recuperaci\u00f3n&nbsp;de suelos degradados en \u00e1reas forestales y manejo integral del fuego.<\/p>\n\n\n\n<h2 class=\"wp-block-heading has-large-font-size\"><strong>FONABOSQUE Visi\u00f3n<\/strong><\/h2>\n\n\n\n<p>Posicionarse como una entidad p\u00fablica reconocida y fortalecida a nivel nacional e internacional, que realiza una oportuna y eficiente canalizaci\u00f3n, gesti\u00f3n y administraci\u00f3n de los recursos financieros para programas y proyectos de desarrollo sustentable de bosques, aportando al crecimiento econ\u00f3mico y social de la poblaci\u00f3n bajo el principio del Suma Qama\u00f1a (Vivir Bien).<\/p>\n\n\n\n<hr class=\"wp-block-separator has-alpha-channel-opacity\"\/>\n\n\n\n<p class=\"has-large-font-size\"><strong>FONABOSQUE PRINCIPIOS Y VALORES <\/strong><\/p>\n\n\n\n<p>EI FONABOSQUE asume y promueve los principios y valores consagrados en la Constituci\u00f3n Pol\u00edtica del<br>del Estado Plurinacional de Bolivia, para el cumplimiento de la finalidad y atribuciones de la entidad.<\/p>\n\n\n\n<h2 class=\"wp-block-heading has-medium-font-size\">FONABOSQUE Principios:<\/h2>\n\n\n\n<p>Son las normas \u00e9tico-morales que rigen la conducta de los servidores p\u00fablicos de la entidad:<\/p>\n\n\n\n<ul class=\"wp-block-list\">\n<li>Ama qhilla (No ser flojo). Los servidores p\u00fablicos cumplir\u00e1n sus funciones de manera eficaz, eficiente y efectiva, con puntualidad y dedicaci\u00f3n exclusiva, de manera de cumplir con los objetivos estrat\u00e9gicos y de gesti\u00f3n anual de la entidad.<\/li>\n\n\n\n<li>Ama llulla (No mentir). Los actos de los servidores p\u00fablicos se regir\u00e1n por la verdad como garant\u00eda de la gesti\u00f3n institucional transparente, proporcionando informaci\u00f3n veraz y confiable.<\/li>\n\n\n\n<li>Ama suwa (No robar). Los servidores p\u00fablicos obrar\u00e1n con honestidad en la administraci\u00f3n y manejo de los recursos econ\u00f3micos, financieros y f\u00edsicos de la entidad.<\/li>\n<\/ul>\n\n\n\n<h5 class=\"wp-block-heading\">FONABOSQUE Valores:<\/h5>\n\n\n\n<p>Son las virtudes y cualidades de los servidores p\u00fablicos de la entidad:<\/p>\n\n\n\n<ul class=\"wp-block-list\">\n<li>Lealtad. Los servidores p\u00fablicos ser\u00e1n consecuentes con los intereses y objetivos de la entidad, propiciando un alto grado de confianza.<\/li>\n\n\n\n<li>Respeto. Los servidores p\u00fablicos ser\u00e1n tolerantes frente a la diversidad de ideas, opiniones y maneras de ser, eliminando toda forma de discriminaci\u00f3n.<\/li>\n\n\n\n<li class=\"text-align: justify;\">Solidaridad. Los servidores p\u00fablicos desempe\u00f1ar\u00e1n sus funciones con esp\u00edritu de equipo de trabajo en un marco de concurrencia de esfuerzos y conocimientos.<\/li>\n\n\n\n<li>Participaci\u00f3n. Los servidores p\u00fablicos ejercer\u00e1n el derecho a expresar libremente ideas propositivas contributivas en pro de la gesti\u00f3n institucional, como una acci\u00f3n cotidiana en la convivencia laboral.<\/li>\n\n\n\n<li class=\"text-align: justify;\">Compromiso. Los servidores p\u00fablicos desarrollaran sus funciones conscientes de la importancia de que su trabajo contribuye a la gesti\u00f3n institucional, mejorando continuamente su desempe\u00f1o.<\/li>\n\n\n\n<li>Responsabilidad. Los servidores p\u00fablicos cumplir\u00e1n sus obligaciones conforme los arreglos institucionales, en el marco de la normativa y procedimientos internos de la entidad.<\/li>\n<\/ul>\n\n\n\n<figure class=\"wp-block-gallery has-nested-images columns-default is-cropped wp-block-gallery-1 is-layout-flex wp-block-gallery-is-layout-flex\"><\/figure>\n\n\n\n<p><\/p>\n","protected":false},"excerpt":{"rendered":"<p>FONABOSQUE Misi\u00f3n Promover, administrar y otorgar recursos financieros para el manejo sustentable de bosques, con enfoque de gesti\u00f3n integral de cuencas, conservaci\u00f3n&nbsp;de los bosques y suelos forestales, recuperaci\u00f3n&nbsp;de suelos degradados en \u00e1reas forestales y manejo integral del fuego. FONABOSQUE Visi\u00f3n Posicionarse como una entidad p\u00fablica reconocida y fortalecida a nivel nacional e internacional, que realiza [&hellip;]<\/p>\n","protected":false},"author":16,"featured_media":0,"parent":0,"menu_order":0,"comment_status":"closed","ping_status":"closed","template":"","meta":{"_acf_changed":false,"footnotes":""},"class_list":["post-309","page","type-page","status-publish","hentry"],"acf":[],"_links":{"self":[{"href":"https:\/\/www.fonabosque.gob.bo\/index.php\/wp-json\/wp\/v2\/pages\/309","targetHints":{"allow":["GET"]}}],"collection":[{"href":"https:\/\/www.fonabosque.gob.bo\/index.php\/wp-json\/wp\/v2\/pages"}],"about":[{"href":"https:\/\/www.fonabosque.gob.bo\/index.php\/wp-json\/wp\/v2\/types\/page"}],"author":[{"embeddable":true,"href":"https:\/\/www.fonabosque.gob.bo\/index.php\/wp-json\/wp\/v2\/users\/16"}],"replies":[{"embeddable":true,"href":"https:\/\/www.fonabosque.gob.bo\/index.php\/wp-json\/wp\/v2\/comments?post=309"}],"version-history":[{"count":19,"href":"https:\/\/www.fonabosque.gob.bo\/index.php\/wp-json\/wp\/v2\/pages\/309\/revisions"}],"predecessor-version":[{"id":17528,"href":"https:\/\/www.fonabosque.gob.bo\/index.php\/wp-json\/wp\/v2\/pages\/309\/revisions\/17528"}],"wp:attachment":[{"href":"https:\/\/www.fonabosque.gob.bo\/index.php\/wp-json\/wp\/v2\/media?parent=309"}],"curies":[{"name":"wp","href":"https:\/\/api.w.org\/{rel}","templated":true}]}}