{"id":328,"date":"2024-04-05T21:30:59","date_gmt":"2024-04-05T19:30:59","guid":{"rendered":"http:\/\/localhost\/?page_id=328"},"modified":"2025-11-10T09:18:03","modified_gmt":"2025-11-10T13:18:03","slug":"descripcion-de-los-objetivos-y-funciones-principales-de-la-entidad-2","status":"publish","type":"page","link":"https:\/\/www.fonabosque.gob.bo\/index.php\/descripcion-de-los-objetivos-y-funciones-principales-de-la-entidad-2\/","title":{"rendered":"Objetivos Institucionales."},"content":{"rendered":"<div class=\"wp-block-image\">\n<figure class=\"aligncenter size-full\"><img decoding=\"async\" src=\"http:\/\/localhost\/wp-content\/uploads\/2024\/12\/cropped-icone-photo2.png\" alt=\"\" class=\"wp-image-16967\"\/><\/figure>\n<\/div>\n\n\n<p class=\"has-medium-font-size\">El Fondo Nacional de Desarrollo Forestal (FONABOSQUE), es una entidad con personalidad jur\u00eddica de derecho p\u00fablico y autonom\u00eda t\u00e9cnica, administrativa, econ\u00f3mica y financiera bajo tuici\u00f3n del Ministerio de Medio Ambiente y Agua del Estado Plurinacional de Bolivia, creada por la Ley Forestal N\u00b0 1700 del 12 de julio de 1996 que tiene la finalidad de promover, administrar y otorgar recursos financieros para el manejo sustentable de bosques con enfoque de gesti\u00f3n integral de cuencas, conservaci\u00f3n de los bosques y suelos forestales, recuperaci\u00f3n de suelos degradados en \u00e1reas forestales, manejo integral del fuego.<\/p>\n\n\n\n<div class=\"wp-block-card-imagen-block imagen-card-container d-flex flex-column p-3 m-2\" style=\"border:1px solid var(--texto-default);background-color:var(--background-paper)\"><a class=\"card border-0\" target=\"_blank\" rel=\"noopener\"><div class=\"imagen-card d-flex flex-row\"><div class=\"col-md-4\"><img decoding=\"async\" src=\"https:\/\/www.fonabosque.gob.bo\/wp-content\/uploads\/2025\/09\/493669625_1020453923602453_1901231032814382591_n.jpg\" class=\"imagen-card-icon img-fluid\"\/><\/div><div class=\"col-md-8 imagen-card-body\"><h5 class=\"imagen-card-title\">Objetivo Estrat\u00e9gico 1<\/h5><p class=\"imagen-card-text\">O.E.1. Fortalecer la capacidad financiera institucional para cofinanciar la ejecuci\u00f3n de proyectos forestales.<\/p><\/div><\/div><\/a><\/div>\n\n\n\n<div class=\"wp-block-columns is-layout-flex wp-container-core-columns-is-layout-9d6595d7 wp-block-columns-is-layout-flex\">\n<div class=\"wp-block-column is-layout-flow wp-block-column-is-layout-flow\" style=\"flex-basis:100%\">\n<div class=\"wp-block-card-imagen-block imagen-card-container d-flex flex-column p-3 m-2\" style=\"border:1px solid var(--texto-default);background-color:var(--background-paper)\"><a class=\"card border-0\" target=\"_blank\" rel=\"noopener\"><div class=\"imagen-card d-flex flex-row\"><div class=\"col-md-4\"><img decoding=\"async\" src=\"https:\/\/www.fonabosque.gob.bo\/wp-content\/uploads\/2025\/09\/WhatsApp-Image-2025-09-11-at-11.23.02-1.jpeg\" class=\"imagen-card-icon img-fluid\"\/><\/div><div class=\"col-md-8 imagen-card-body\"><h5 class=\"imagen-card-title\">Objetivo Estrat\u00e9gico 2<\/h5><p class=\"imagen-card-text\">O.E.2. Cofinanciar recursos econ\u00f3micos no reembolsables para la ejecuci\u00f3n de proyectos forestales.<\/p><\/div><\/div><\/a><\/div>\n<\/div>\n<\/div>\n\n\n\n<div class=\"wp-block-card-imagen-block imagen-card-container d-flex flex-column p-3 m-2\" style=\"border:1px solid var(--texto-default);background-color:var(--background-paper)\"><a class=\"card border-0\" target=\"_blank\" rel=\"noopener\"><div class=\"imagen-card d-flex flex-row\"><div class=\"col-md-4\"><img decoding=\"async\" src=\"https:\/\/www.fonabosque.gob.bo\/wp-content\/uploads\/2025\/09\/501303740_1044568831190962_8680863522710020539_n.jpg\" class=\"imagen-card-icon img-fluid\"\/><\/div><div class=\"col-md-8 imagen-card-body\"><h5 class=\"imagen-card-title\">Estrategia institucional 1<\/h5><p class=\"imagen-card-text\">Gestionar el incremento sostenido de recursos financieros de fuentes internas y externas.<\/p><\/div><\/div><\/a><\/div>\n\n\n\n<div class=\"wp-block-card-imagen-block imagen-card-container d-flex flex-column p-3 m-2\" style=\"border:1px solid var(--texto-default);background-color:var(--background-paper)\"><a class=\"card border-0\" target=\"_blank\" rel=\"noopener\"><div class=\"imagen-card d-flex flex-row\"><div class=\"col-md-4\"><img decoding=\"async\" src=\"https:\/\/www.fonabosque.gob.bo\/wp-content\/uploads\/2025\/09\/496929887_1033021545679024_1162085506694306500_n-1.jpg\" class=\"imagen-card-icon img-fluid\"\/><\/div><div class=\"col-md-8 imagen-card-body\"><h5 class=\"imagen-card-title\">Estrategia institucional 2<\/h5><p class=\"imagen-card-text\">Desarrollar mecanismos e instrumentos t\u00e9cnicos y financieros para el cofinanciamiento de proyectos.<\/p><\/div><\/div><\/a><\/div>\n\n\n\n<p><\/p>\n\n\n\n<p>&nbsp;<\/p>\n\n\n\n<p><\/p>\n","protected":false},"excerpt":{"rendered":"<p>El Fondo Nacional de Desarrollo Forestal (FONABOSQUE), es una entidad con personalidad jur\u00eddica de derecho p\u00fablico y autonom\u00eda t\u00e9cnica, administrativa, econ\u00f3mica y financiera bajo tuici\u00f3n del Ministerio de Medio Ambiente y Agua del Estado Plurinacional de Bolivia, creada por la Ley Forestal N\u00b0 1700 del 12 de julio de 1996 que tiene la finalidad de [&hellip;]<\/p>\n","protected":false},"author":16,"featured_media":0,"parent":0,"menu_order":0,"comment_status":"closed","ping_status":"closed","template":"","meta":{"_acf_changed":false,"footnotes":""},"class_list":["post-328","page","type-page","status-publish","hentry"],"acf":[],"_links":{"self":[{"href":"https:\/\/www.fonabosque.gob.bo\/index.php\/wp-json\/wp\/v2\/pages\/328","targetHints":{"allow":["GET"]}}],"collection":[{"href":"https:\/\/www.fonabosque.gob.bo\/index.php\/wp-json\/wp\/v2\/pages"}],"about":[{"href":"https:\/\/www.fonabosque.gob.bo\/index.php\/wp-json\/wp\/v2\/types\/page"}],"author":[{"embeddable":true,"href":"https:\/\/www.fonabosque.gob.bo\/index.php\/wp-json\/wp\/v2\/users\/16"}],"replies":[{"embeddable":true,"href":"https:\/\/www.fonabosque.gob.bo\/index.php\/wp-json\/wp\/v2\/comments?post=328"}],"version-history":[{"count":22,"href":"https:\/\/www.fonabosque.gob.bo\/index.php\/wp-json\/wp\/v2\/pages\/328\/revisions"}],"predecessor-version":[{"id":18982,"href":"https:\/\/www.fonabosque.gob.bo\/index.php\/wp-json\/wp\/v2\/pages\/328\/revisions\/18982"}],"wp:attachment":[{"href":"https:\/\/www.fonabosque.gob.bo\/index.php\/wp-json\/wp\/v2\/media?parent=328"}],"curies":[{"name":"wp","href":"https:\/\/api.w.org\/{rel}","templated":true}]}}