{"id":401,"date":"2024-04-05T21:34:07","date_gmt":"2024-04-05T19:34:07","guid":{"rendered":"http:\/\/localhost\/?page_id=401"},"modified":"2025-09-18T16:21:10","modified_gmt":"2025-09-18T20:21:10","slug":"pei-descargable","status":"publish","type":"page","link":"https:\/\/www.fonabosque.gob.bo\/index.php\/pei-descargable\/","title":{"rendered":"Plan Estrat\u00e9gico Institucional (PEI)"},"content":{"rendered":"\n<p><\/p>\n\n\n\n<h4 class=\"wp-block-heading\">Plan Estrat\u00e9gico Institucional<\/h4>\n\n\n\n<p><\/p>\n\n\n\n<p>El Plan Estrat\u00e9gico Institucional Fondo Nacional de Desarrollo Forestal 2021-2025 se sustenta en las disposiciones de la Constituci\u00f3n Pol\u00edtica del Estado, la Ley N\u00b0 300 Marco de la Madre Tierra y Desarrollo Integral para Vivir Bien, la Agenda Patri\u00f3tica del Bicentenario 2025 y el Plan de Desarrollo Econ\u00f3mico y Social 2021-2025.<\/p>\n\n\n\n<h4 class=\"wp-block-heading\">Diagn\u00f3stico<\/h4>\n\n\n\n<p>De acuerdo con los Art\u00edculos 2\u00b0 y 4\u00b0 del Estatuto vigente del Fondo Nacional de Desarrollo Forestal (FONABOSQUE) aprobado mediante Decreto Supremo N\u00b0 2916 del 27 de septiembre de 2016, la finalidad de la entidad es promover, administrar y otorgar recursos financieros para el manejo sustentable de bosques con enfoque de gesti\u00f3n integral de cuencas, conservaci\u00f3n de los bosques y suelos forestales, recuperaci\u00f3n de suelos degradados en \u00e1reas forestales, manejo integral del fuego, teniendo las siguientes atribuciones:<\/p>\n\n\n\n<ul class=\"wp-block-list\">\n<li><em>Realizar el control, seguimiento y monitoreo a los proyectos financiados por la entidad.<\/em><\/li>\n\n\n\n<li>Establecer los procedimientos para promover, administrar y otorgar recursos financieros;<\/li>\n\n\n\n<li>Suscribir convenios y acuerdos con personas naturales o jur\u00eddicas de derecho privado o p\u00fablico, en el marco de sus atribuciones;<\/li>\n\n\n\n<li>Constituir fideicomisos p\u00fablicos y otros instrumentos financieros, de acuerdo a normativa vigente;<\/li>\n\n\n\n<li>Coadyuvar en la gesti\u00f3n de financiamiento con las entidades competentes;<\/li>\n\n\n\n<li>Participar en fondos concursables y otras ventanas financieras nacionales e internacionales para la gesti\u00f3n de programas y proyectos aprobados para el sector forestal, en coordinaci\u00f3n con las entidades competentes;<\/li>\n\n\n\n<li>Revisar, evaluar y financiar programas y proyectos de conservaci\u00f3n, protecci\u00f3n y manejo sustentable de bosques con enfoque de gesti\u00f3n integral de cuencas, acciones de forestaci\u00f3n y reforestaci\u00f3n, recuperaci\u00f3n de suelo degradados en \u00e1reas forestales, manejo integral del fuego y acciones vinculadas de investigaci\u00f3n, asistencia t\u00e9cnica y transferencia de tecnolog\u00eda, en el marco de la normativa vigente;<\/li>\n\n\n\n<li>Promover actividades de fortalecimiento institucional con relaci\u00f3n al manejo integral y sustentable de los bosques, incluyendo acciones de educaci\u00f3n, formaci\u00f3n y sensibilizaci\u00f3n de la sociedad respecto a la importancia de los bosques y sus ecosistemas;<\/li>\n\n\n\n<li>Coadyuvar en la formulaci\u00f3n de programas y proyectos para su gesti\u00f3n financiamiento y fortalecimiento del sector forestal;<\/li>\n\n\n\n<li><\/li>\n<\/ul>\n\n\n\n<p><\/p>\n\n\n\n<h4 class=\"wp-block-heading\">Objetivos y Estrategias Institucionales<\/h4>\n\n\n\n<figure class=\"wp-block-table is-style-stripes\"><table class=\"has-cyan-bluish-gray-color has-white-background-color has-text-color has-background has-link-color\"><thead><tr><th>Resultado del PDES\/PSDI<\/th><th>Objetivo estrat\u00e9gico institucional<\/th><\/tr><\/thead><tbody><tr><td><strong>Resultado 7.1.6.<\/strong> Se ha promovido la<br>eficiencia y buen uso de los recursos en la<br>administraci\u00f3n<br>p\u00fablica.<\/td><td>O.E.1. Fortalecer la capacidad financiera<br>institucional para cofinanciar la ejecuci\u00f3n<br>de proyectos forestales.<\/td><\/tr><tr><td><br><strong>Resultado 8.1.1. <\/strong>Se ha incrementado la<br>superficie de bosques bajo manejo<br>integral y sustentable.<br><strong>Resultado 8.1.2. <\/strong>Se han incrementado las<br>\u00e1reas forestadas y reforestadas<br>mejorando las condiciones<br>socioecon\u00f3micas, de recuperaci\u00f3n de<br>suelos y funciones de control ambiental y<br>riesgos.<\/td><td>O.E.2. Cofinanciar recursos econ\u00f3micos no<br>reembolsables para la ejecuci\u00f3n de<br>proyectos forestales.<\/td><\/tr><tr><td><\/td><td><\/td><\/tr><tr><td><\/td><td><\/td><\/tr><tr><td><\/td><td><\/td><\/tr><\/tbody><\/table><\/figure>\n\n\n\n\n<div class=\"widget widget_documentos_widget\">        <section\n            id=\"documentos\"><div class=\"container p-4\">\n    <div class=\"row\">\n        <div class=\"col-12 col-md-12\">\n            <article id=\"post-401\" class=\"post-401 page type-page status-publish hentry\">\n                <h4>\n                    Documentos                <\/h4>\n\n\n\n                <form id=\"form-buscar_documentos\" role=\"search\" method=\"get\" class=\"form-inline border border-0\" action=\"https:\/\/www.fonabosque.gob.bo\/index.php\/pei-descargable\/\">\n                    <div class=\"row align-items-end gy-3 pb-3\">\n\n                        <!-- Filtro A\u00f1o -->\n                        <div class=\"col-12 col-md-auto\">\n                            <label for=\"filtroAnioId\" class=\"icono-color form-label fw-semibold\">A\u00f1o<\/label>\n                            <select id=\"filtroAnioId\" name=\"anio\" class=\"form-select fondo-default texto-default\">\n                                <option value=\"\" selected>Seleccionar a\u00f1o<\/option>\n                                \n\n                                    <option value=\"2021\" >\n                                        2021                                    <\/option>\n                                \n\n                                    <option value=\"2016\" >\n                                        2016                                    <\/option>\n                                \n\n                                    <option value=\"2014\" >\n                                        2014                                    <\/option>\n                                \n\n                                    <option value=\"2011\" >\n                                        2011                                    <\/option>\n                                                            <\/select>\n                        <\/div>\n\n                        <!-- Filtro Titulo -->\n\n                        <div class=\"col-12 col-md-auto\">\n                            <label for=\"filtroTituloId\" class=\"icono-color form-label fw-semibold\">Descripci\u00f3n<\/label>\n\n                            <div class=\"input-group texto-default\" style=\"display: flex !important; \">\n\n                                <input type=\"text\" id=\"filtroTituloId\" placeholder=\"Buscar por descripci\u00f3n\" name=\"titulo\" class=\"form-control fondo-default texto-default\" value=\"\">\n                                <button style=\"cursor: pointer;\" onclick=\"resetarFormulario('filtroTituloId', 'form-buscar_documentos' )\" class=\"input-group-text fondo-default\" id=\"clearInputdocumentos\"><i class=\"bi bi-x-circle-fill texto-default\"><\/i><\/button>\n                            <\/div>\n                        <\/div>\n\n                        <!-- Bot\u00f3n de B\u00fasqueda -->\n                        <div class=\"col-12 col-md-auto\">\n                            <button class=\"btn boton text-white\">Buscar en esta categoria <i class=\"bi bi-search\"><\/i><\/button>\n                        <\/div>\n                    <\/div>\n                <\/form>\n\n\n                <div class=\"table-responsive\">\n                    <table class=\"table\">\n                        <thead>\n                            <tr>\n                                <th class=\"titulo-columna\" scope=\"col\">A\u00f1o<\/th>\n                                <th class=\"titulo-columna\">Descripci\u00f3n<\/th>\n                                <th class=\"titulo-columna\" scope=\"col\">Documento<\/th>\n                            <\/tr>\n                        <\/thead>\n                        <tbody>\n                                                                <tr>\n                                        <td>2021<\/td>\n                                        <td>PEI Institucional 2021 &#8211; 2025<\/td>\n                                        <td>\n                                            <ul class=\"list-unstyled\">\n                                                <li><a href=\"https:\/\/www.fonabosque.gob.bo\/wp-content\/uploads\/2024\/12\/PEI_2021-2025.pdf\" target=\"_blank\"><i class=\"bi bi-file-earmark-pdf icono-pdf\"><\/i> Descargar archivo<\/a><\/li>\n                                            <\/ul>\n                                        <\/td>\n                                    <\/tr>\n                                                                    <tr>\n                                        <td>2016<\/td>\n                                        <td>PEI Institucional 2016 &#8211; 2020<\/td>\n                                        <td>\n                                            <ul class=\"list-unstyled\">\n                                                <li><a href=\"https:\/\/www.fonabosque.gob.bo\/wp-content\/uploads\/2024\/12\/final-pei.pdf\" target=\"_blank\"><i class=\"bi bi-file-earmark-pdf icono-pdf\"><\/i> Descargar archivo<\/a><\/li>\n                                            <\/ul>\n                                        <\/td>\n                                    <\/tr>\n                                                                    <tr>\n                                        <td>2014<\/td>\n                                        <td>PEI Institucional 2014 &#8211; 2018<\/td>\n                                        <td>\n                                            <ul class=\"list-unstyled\">\n                                                <li><a href=\"https:\/\/www.fonabosque.gob.bo\/wp-content\/uploads\/2025\/08\/PEI_2014_2018_MMAYA_Version_Oficial-compressed.pdf\" target=\"_blank\"><i class=\"bi bi-file-earmark-pdf icono-pdf\"><\/i> Descargar archivo<\/a><\/li>\n                                            <\/ul>\n                                        <\/td>\n                                    <\/tr>\n                                                                    <tr>\n                                        <td>2011<\/td>\n                                        <td>PEI Institucional 2011 &#8211; 2015<\/td>\n                                        <td>\n                                            <ul class=\"list-unstyled\">\n                                                <li><a href=\"https:\/\/www.fonabosque.gob.bo\/wp-content\/uploads\/2025\/08\/PEI-FONABOSQUE-1.pdf\" target=\"_blank\"><i class=\"bi bi-file-earmark-pdf icono-pdf\"><\/i> Descargar archivo<\/a><\/li>\n                                            <\/ul>\n                                        <\/td>\n                                    <\/tr>\n                                                        <\/tbody>\n                    <\/table>\n                <\/div>\n\n\n                <nav aria-label=\"...\">\n                    <ul class=\"custom-pagination pagination justify-content-center\">\n                                            <\/ul>\n                <\/nav>\n            <\/article>\n        <\/div>\n    <\/div>\n<\/div>        <\/section>\n        <\/div>","protected":false},"excerpt":{"rendered":"<p>Plan Estrat\u00e9gico Institucional El Plan Estrat\u00e9gico Institucional Fondo Nacional de Desarrollo Forestal 2021-2025 se sustenta en las disposiciones de la Constituci\u00f3n Pol\u00edtica del Estado, la Ley N\u00b0 300 Marco de la Madre Tierra y Desarrollo Integral para Vivir Bien, la Agenda Patri\u00f3tica del Bicentenario 2025 y el Plan de Desarrollo Econ\u00f3mico y Social 2021-2025. Diagn\u00f3stico [&hellip;]<\/p>\n","protected":false},"author":16,"featured_media":0,"parent":0,"menu_order":0,"comment_status":"closed","ping_status":"closed","template":"","meta":{"_acf_changed":false,"footnotes":"[]"},"class_list":["post-401","page","type-page","status-publish","hentry"],"acf":[],"_links":{"self":[{"href":"https:\/\/www.fonabosque.gob.bo\/index.php\/wp-json\/wp\/v2\/pages\/401","targetHints":{"allow":["GET"]}}],"collection":[{"href":"https:\/\/www.fonabosque.gob.bo\/index.php\/wp-json\/wp\/v2\/pages"}],"about":[{"href":"https:\/\/www.fonabosque.gob.bo\/index.php\/wp-json\/wp\/v2\/types\/page"}],"author":[{"embeddable":true,"href":"https:\/\/www.fonabosque.gob.bo\/index.php\/wp-json\/wp\/v2\/users\/16"}],"replies":[{"embeddable":true,"href":"https:\/\/www.fonabosque.gob.bo\/index.php\/wp-json\/wp\/v2\/comments?post=401"}],"version-history":[{"count":31,"href":"https:\/\/www.fonabosque.gob.bo\/index.php\/wp-json\/wp\/v2\/pages\/401\/revisions"}],"predecessor-version":[{"id":18861,"href":"https:\/\/www.fonabosque.gob.bo\/index.php\/wp-json\/wp\/v2\/pages\/401\/revisions\/18861"}],"wp:attachment":[{"href":"https:\/\/www.fonabosque.gob.bo\/index.php\/wp-json\/wp\/v2\/media?parent=401"}],"curies":[{"name":"wp","href":"https:\/\/api.w.org\/{rel}","templated":true}]}}